{"id":293,"date":"2021-09-01T18:55:12","date_gmt":"2021-09-01T18:55:12","guid":{"rendered":"https:\/\/centrescama.org\/projets\/"},"modified":"2025-06-17T14:24:49","modified_gmt":"2025-06-17T14:24:49","slug":"projects","status":"publish","type":"page","link":"https:\/\/centrescama.org\/en\/projects\/","title":{"rendered":"Projects"},"content":{"rendered":"<div id='revolutionslider_1'  class='avia-layerslider avia-revolutionslider main_color avia-shadow  avia-builder-el-0  el_before_av_section  avia-builder-el-first   container_wrap fullsize'  >\n\t\t\t<!-- START projets REVOLUTION SLIDER 6.7.25 --><p class=\"rs-p-wp-fix\"><\/p>\n\t\t\t<rs-module-wrap id=\"rev_slider_7_1_wrapper\" data-source=\"gallery\" style=\"visibility:hidden;background:transparent;padding:0;margin:0px auto;margin-top:0;margin-bottom:0;\">\n\t\t\t\t<rs-module id=\"rev_slider_7_1\" style=\"\" data-version=\"6.7.25\">\n\t\t\t\t\t<rs-slides style=\"overflow: hidden; position: absolute;\">\n\t\t\t\t\t\t<rs-slide style=\"position: absolute;\" data-key=\"rs-7\" data-title=\"Slide\" data-anim=\"adpr:false;\" data-in=\"o:0;\" data-out=\"a:false;\">\n\t\t\t\t\t\t\t<img decoding=\"async\" src=\"\/\/centrescama.org\/wp-content\/plugins\/revslider\/sr6\/assets\/assets\/dummy.png\" alt=\"\" title=\"projets_banner4_scama\" width=\"1920\" height=\"675\" class=\"rev-slidebg tp-rs-img rs-lazyload\" data-lazyload=\"\/\/centrescama.org\/wp-content\/uploads\/2021\/09\/projets_banner4_scama.jpg\" data-no-retina>\n<!--\n\t\t\t\t\t\t\t--><rs-layer\n\t\t\t\t\t\t\t\tid=\"slider-7-slide-7-layer-0\" \n\t\t\t\t\t\t\t\tdata-type=\"shape\"\n\t\t\t\t\t\t\t\tdata-rsp_ch=\"on\"\n\t\t\t\t\t\t\t\tdata-xy=\"xo:134px,134px,134px,37px;yo:736px,736px,736px,504px;\"\n\t\t\t\t\t\t\t\tdata-text=\"w:normal;\"\n\t\t\t\t\t\t\t\tdata-dim=\"w:546px,546px,546px,328px;h:247,247,247,147;\"\n\t\t\t\t\t\t\t\tdata-frame_1=\"st:990;sR:990;\"\n\t\t\t\t\t\t\t\tdata-frame_999=\"o:0;st:w;sR:7710;\"\n\t\t\t\t\t\t\t\tstyle=\"z-index:5;background-color:#2255a4;\"\n\t\t\t\t\t\t\t> \n\t\t\t\t\t\t\t<\/rs-layer><!--\n\n\t\t\t\t\t\t\t--><rs-layer\n\t\t\t\t\t\t\t\tid=\"slider-7-slide-7-layer-1\" \n\t\t\t\t\t\t\t\tdata-type=\"text\"\n\t\t\t\t\t\t\t\tdata-rsp_ch=\"on\"\n\t\t\t\t\t\t\t\tdata-xy=\"xo:207px,207px,207px,75px;yo:775px,775px,775px,525px;\"\n\t\t\t\t\t\t\t\tdata-text=\"w:nowrap;s:35,35,35,23;l:42,42,42,25;\"\n\t\t\t\t\t\t\t\tdata-dim=\"w:745px,745px,745px,515px;\"\n\t\t\t\t\t\t\t\tdata-frame_1=\"st:2020;sR:2020;\"\n\t\t\t\t\t\t\t\tdata-frame_999=\"o:0;st:w;sR:6680;\"\n\t\t\t\t\t\t\t\tstyle=\"z-index:6;font-family:'Source Sans Pro';\"\n\t\t\t\t\t\t\t>\u00b7 Services alimentaires<br \/>\n\u00b7 Centre communautaire<br \/>\n\u00b7 All\u00f4 Sam!<br \/>\n\u00b7 Appels et visites d\u2019amiti\u00e9 \n\t\t\t\t\t\t\t<\/rs-layer><!--\n-->\t\t\t\t\t<\/rs-slide>\n\t\t\t\t\t<\/rs-slides>\n\t\t\t\t<\/rs-module>\n\t\t\t\t<script>\n\t\t\t\t\tsetREVStartSize({c: 'rev_slider_7_1',rl:[1240,1240,1240,480],el:[675,675,675,265],gw:[1920,1920,1920,480],gh:[675,675,675,245],type:'standard',justify:'',layout:'fullwidth',mh:\"0\"});if (window.RS_MODULES!==undefined && window.RS_MODULES.modules!==undefined && window.RS_MODULES.modules[\"revslider71\"]!==undefined) {window.RS_MODULES.modules[\"revslider71\"].once = false;window.revapi7 = undefined;if (window.RS_MODULES.checkMinimal!==undefined) window.RS_MODULES.checkMinimal()}\n\t\t\t\t<\/script>\n\t\t\t<\/rs-module-wrap>\n\t\t\t<!-- END REVOLUTION SLIDER -->\n<\/div>\n<div id='av_section_1'  class='avia-section av-2ak8u-4e0518af32a6578230fa12b78296daa7 main_color avia-section-default avia-no-border-styling  avia-builder-el-1  el_after_av_revolutionslider  el_before_av_section  avia-bg-style-scroll container_wrap fullsize'  ><div class='container av-section-cont-open' ><div class='template-page content  av-content-full alpha units'><div class='post-entry post-entry-type-page post-entry-293'><div class='entry-content-wrapper clearfix'>\n<div  class='flex_column av-4879m-f42c1e401848968ef573cb23f3827ad0 av_one_half  avia-builder-el-2  el_before_av_one_half  avia-builder-el-first  first flex_column_div  '     ><section  class='av_textblock_section av-2lcd2-7d8aa2951d26a96858f622251258b351 '   itemscope=\"itemscope\" itemtype=\"https:\/\/schema.org\/CreativeWork\" ><div class='avia_textblock'  itemprop=\"text\" ><h2>Philia<\/h2>\n<p>Philia is a research project that aims to increase inclusivity in leisure activities for seniors from ethnocultural minorities.<\/p>\n<p>In collaboration with UQAM, we are developing a package of social and leisure activities that will be used by professionals and volunteers working with seniors to help them better reach this clientele that is particularly isolated and at risk of mistreatment. Training will be made available to these intervenors, with emphasis on the intercultural aspects of this project.<\/p>\n<\/div><\/section><\/div><div  class='flex_column av-3y8gy-f3782c4917449479c296203cee95be53 av_one_half  avia-builder-el-4  el_after_av_one_half  el_before_av_one_half  flex_column_div  '     ><section  class='av_textblock_section av-ktix9y5g-f0692d69cb57c36e3081440d01f0c5f0 '   itemscope=\"itemscope\" itemtype=\"https:\/\/schema.org\/CreativeWork\" ><div class='avia_textblock'  itemprop=\"text\" ><h2>Let\u2019s celebrate together<\/h2>\n<p>We are organizing festive events in local seniors\u2019 residences in collaboration with l\u2019Office Municipal d\u2019Habitations de Laval. The activities aim to promote living well together through shared celebrations of Qu\u00e9bec cultural events.<\/p>\n<\/div><\/section><\/div><div  class='flex_column av-39bbq-b5bb55ba70acc035d12bd9474adbd081 av_one_half  avia-builder-el-6  el_after_av_one_half  el_before_av_one_half  first flex_column_div  column-top-margin'     ><section  class='av_textblock_section av-ktixabss-798a3978d7ca9a5679c7c612fb9d29e2 '   itemscope=\"itemscope\" itemtype=\"https:\/\/schema.org\/CreativeWork\" ><div class='avia_textblock'  itemprop=\"text\" ><h2>Living and growing old together in Chomedey (Charte Vivre et vieillir ensemble \u00e0 Chomedey)<\/h2>\n<p>In 2019, following a day of community involvement at our centre, a citizens\u2019 charter was drawn to encourage better living together in Chomedey.<\/p>\n<p><a href=\"https:\/\/centrescama.org\/wp-content\/uploads\/2021\/09\/charte_citoyenne_2020.pdf\" target=\"_blank\" rel=\"noopener\"><strong> Download the charter<\/strong><\/a><\/p>\n<\/div><\/section><\/div><div  class='flex_column av-2oq4e-442f71576dd176cf489f580b8da189e9 av_one_half  avia-builder-el-8  el_after_av_one_half  el_before_av_one_half  flex_column_div  column-top-margin'     ><section  class='av_textblock_section av-ktixal6g-775941d6916b036cb8d0d609f6b87442 '   itemscope=\"itemscope\" itemtype=\"https:\/\/schema.org\/CreativeWork\" ><div class='avia_textblock'  itemprop=\"text\" ><h2>\u00c7a placote \u00e0 la popote<\/h2>\n<p>This is the name of a play written and performed by seniors. Although humorous in tone, it deals with serious issues such as bullying, ageism, and senior abuse.<\/p>\n<p><a href=\"https:\/\/centrescama.org\/wp-content\/uploads\/2021\/09\/ca_placote_a_la_popote.pdf\" target=\"_blank\" rel=\"noopener\"><strong> Download the book<\/strong><\/a><\/p>\n<\/div><\/section><\/div><div  class='flex_column av-azbph-629ff61172c2c868c1cc2ab494b93b2a av_one_half  avia-builder-el-10  el_after_av_one_half  avia-builder-el-last  first flex_column_div  column-top-margin'     ><section  class='av_textblock_section av-lpcqoxal-25138f86f956057d4f8c78f87d251ea3 '   itemscope=\"itemscope\" itemtype=\"https:\/\/schema.org\/CreativeWork\" ><div class='avia_textblock'  itemprop=\"text\" ><h2>DICI Intergenerations<\/h2>\n<p>DICI Intergenerations is a regional project to combat racism which aims to develop living together through the creation of an intercultural and intergenerational citizen committee which will pilot an annual program of activities around the Quebec Week of Intercultural Encounters, the Month of black history as well as Anti-Racism Action Week.<\/p>\n<p>For more information, contact Claudia <a href=\"tel:4506814240p276\" target=\"_blank\" rel=\"noopener\">#276<\/a> or by email <a href=\"mailto:Projetdici@centrescama.org\" target=\"_blank\" rel=\"noopener\">Projetdici@centrescama.org<\/a><\/p>\n<\/div><\/section><\/div>\n\n<\/div><\/div><\/div><!-- close content main div --><\/div><\/div><div id='documentation'  class='avia-section av-ktiwv7g5-8f8be29ae0dbd383b6eb3b0b4133547a alternate_color avia-section-default avia-no-border-styling  avia-builder-el-12  el_after_av_section  el_before_av_section  avia-bg-style-scroll container_wrap fullsize'  ><div class='container av-section-cont-open' ><div class='template-page content  av-content-full alpha units'><div class='post-entry post-entry-type-page post-entry-293'><div class='entry-content-wrapper clearfix'>\n<div class='flex_column_table av-15tvy-c97db4d7f573720d7d8c9189022ae46a sc-av_one_third av-equal-height-column-flextable'><div  class='flex_column av-15tvy-c97db4d7f573720d7d8c9189022ae46a av_one_third  avia-builder-el-13  el_before_av_one_third  avia-builder-el-first  first flex_column_table_cell av-equal-height-column av-align-middle  '     ><section  class='av_textblock_section av-ktiwv3is-24d5279bf74186e88010ef17e262c7e2 '   itemscope=\"itemscope\" itemtype=\"https:\/\/schema.org\/CreativeWork\" ><div class='avia_textblock'  itemprop=\"text\" ><h2>Documentation<br \/>\n(in French only)<\/h2>\n<\/div><\/section><\/div><div class='av-flex-placeholder'><\/div><div  class='flex_column av-25b7a-27d1225481e667e7da0ac98a5ce9169a av_one_third  avia-builder-el-15  el_after_av_one_third  el_before_av_one_third  flex_column_table_cell av-equal-height-column av-align-middle  '     ><section  class='av_textblock_section av-ktixc4sj-7121ccd46251ac8569209b9740af760e '   itemscope=\"itemscope\" itemtype=\"https:\/\/schema.org\/CreativeWork\" ><div class='avia_textblock'  itemprop=\"text\" ><p><a href=\"https:\/\/centrescama.org\/wp-content\/uploads\/2025\/06\/Rapport_annuel_2024-2025.pdf\" target=\"_blank\" rel=\"noopener\">Rapport d\u2019activit\u00e9 2025<\/a><\/p>\n<p><a href=\"https:\/\/centrescama.org\/wp-content\/uploads\/2024\/10\/Rapport-annuel-SCAMA-2023-2024-final.pdf\" target=\"_blank\" rel=\"noopener\">Rapport d\u2019activit\u00e9 2024<\/a><\/p>\n<p><a href=\"https:\/\/centrescama.org\/wp-content\/uploads\/2023\/11\/Rapport-annuel-SCAMA-2022-2023.pdf\" target=\"_blank\" rel=\"noopener\">Rapport d\u2019activit\u00e9 2023<\/a><\/p>\n<p><a href=\"https:\/\/centrescama.org\/wp-content\/uploads\/2022\/11\/Rapport-dactivite-2022.pdf\">Rapport d\u2019activit\u00e9 2022<\/a><\/p>\n<\/div><\/section><\/div><div class='av-flex-placeholder'><\/div><div  class='flex_column av-1kbq2-2ee08c3b7f3be15f5a0e5018d21c936a av_one_third  avia-builder-el-17  el_after_av_one_third  avia-builder-el-last  flex_column_table_cell av-equal-height-column av-align-middle  '     ><section  class='av_textblock_section av-ktixc8jc-41c8748c5357dd5be5ba69585ed278ab '   itemscope=\"itemscope\" itemtype=\"https:\/\/schema.org\/CreativeWork\" ><div class='avia_textblock'  itemprop=\"text\" ><p><a href=\"https:\/\/centrescama.org\/wp-content\/uploads\/2021\/09\/rapport_2021.pdf\" target=\"_blank\" rel=\"noopener\">Rapport d\u2019activit\u00e9 2021<\/a><\/p>\n<p><a href=\"https:\/\/centrescama.org\/wp-content\/uploads\/2021\/09\/rapport_2020.pdf\" target=\"_blank\" rel=\"noopener\">Rapport d\u2019activit\u00e9 2020<\/a><\/p>\n<p><a href=\"https:\/\/centrescama.org\/wp-content\/uploads\/2021\/09\/rapport_2019.pdf\" target=\"_blank\" rel=\"noopener\">Rapport d\u2019activit\u00e9 2019<\/a><\/p>\n<p><a href=\"https:\/\/centrescama.org\/wp-content\/uploads\/2021\/09\/rapport_2018.pdf\" target=\"_blank\" rel=\"noopener\">Rapport d\u2019activit\u00e9 2018<\/a><\/p>\n<\/div><\/section><\/div><\/div><!--close column table wrapper. Autoclose: 1 --><\/div><\/div><\/div><!-- close content main div --><\/div><\/div><div id='av_section_3'  class='avia-section av-ui0m-dc5fab889b924fc33eab38a64ba0b62a main_color avia-section-default avia-no-border-styling  avia-builder-el-19  el_after_av_section  avia-builder-el-last  avia-bg-style-scroll container_wrap fullsize'  ><div class='container av-section-cont-open' ><div class='template-page content  av-content-full alpha units'><div class='post-entry post-entry-type-page post-entry-293'><div class='entry-content-wrapper clearfix'><\/p>\n","protected":false},"excerpt":{"rendered":"","protected":false},"author":1,"featured_media":295,"parent":0,"menu_order":0,"comment_status":"closed","ping_status":"closed","template":"","meta":{"footnotes":""},"class_list":["post-293","page","type-page","status-publish","has-post-thumbnail","hentry"],"yoast_head":"<!-- This site is optimized with the Yoast SEO plugin v27.4 - https:\/\/yoast.com\/product\/yoast-seo-wordpress\/ -->\n<title>Projects - Centre Scama<\/title>\n<meta name=\"description\" content=\"Activit\u00e9s festives de rapprochement, afin de c\u00e9l\u00e9brer les \u00e9v\u00e8nements culturels qu\u00e9b\u00e9cois et favoriser le vivre ensemble.\" \/>\n<meta name=\"robots\" content=\"index, follow, max-snippet:-1, max-image-preview:large, max-video-preview:-1\" \/>\n<link rel=\"canonical\" href=\"https:\/\/centrescama.org\/en\/projects\/\" \/>\n<meta property=\"og:locale\" content=\"en_US\" \/>\n<meta property=\"og:type\" content=\"article\" \/>\n<meta property=\"og:title\" content=\"Projects - Centre Scama\" \/>\n<meta property=\"og:description\" content=\"Activit\u00e9s festives de rapprochement, afin de c\u00e9l\u00e9brer les \u00e9v\u00e8nements culturels qu\u00e9b\u00e9cois et favoriser le vivre ensemble.\" \/>\n<meta property=\"og:url\" content=\"https:\/\/centrescama.org\/en\/projects\/\" \/>\n<meta property=\"og:site_name\" content=\"Centre Scama\" \/>\n<meta property=\"article:modified_time\" content=\"2025-06-17T14:24:49+00:00\" \/>\n<meta property=\"og:image\" content=\"https:\/\/centrescama.org\/wp-content\/uploads\/2021\/09\/projets_a-la-une.jpg\" \/>\n\t<meta property=\"og:image:width\" content=\"1200\" \/>\n\t<meta property=\"og:image:height\" content=\"800\" \/>\n\t<meta property=\"og:image:type\" content=\"image\/jpeg\" \/>\n<meta name=\"twitter:card\" content=\"summary_large_image\" \/>\n<meta name=\"twitter:label1\" content=\"Est. reading time\" \/>\n\t<meta name=\"twitter:data1\" content=\"2 minutes\" \/>\n<script type=\"application\/ld+json\" class=\"yoast-schema-graph\">{\"@context\":\"https:\\\/\\\/schema.org\",\"@graph\":[{\"@type\":\"WebPage\",\"@id\":\"https:\\\/\\\/centrescama.org\\\/en\\\/projects\\\/\",\"url\":\"https:\\\/\\\/centrescama.org\\\/en\\\/projects\\\/\",\"name\":\"Projects - Centre Scama\",\"isPartOf\":{\"@id\":\"https:\\\/\\\/centrescama.org\\\/en\\\/#website\"},\"primaryImageOfPage\":{\"@id\":\"https:\\\/\\\/centrescama.org\\\/en\\\/projects\\\/#primaryimage\"},\"image\":{\"@id\":\"https:\\\/\\\/centrescama.org\\\/en\\\/projects\\\/#primaryimage\"},\"thumbnailUrl\":\"https:\\\/\\\/centrescama.org\\\/wp-content\\\/uploads\\\/2021\\\/09\\\/projets_a-la-une.jpg\",\"datePublished\":\"2021-09-01T18:55:12+00:00\",\"dateModified\":\"2025-06-17T14:24:49+00:00\",\"description\":\"Activit\u00e9s festives de rapprochement, afin de c\u00e9l\u00e9brer les \u00e9v\u00e8nements culturels qu\u00e9b\u00e9cois et favoriser le vivre ensemble.\",\"breadcrumb\":{\"@id\":\"https:\\\/\\\/centrescama.org\\\/en\\\/projects\\\/#breadcrumb\"},\"inLanguage\":\"en-US\",\"potentialAction\":[{\"@type\":\"ReadAction\",\"target\":[\"https:\\\/\\\/centrescama.org\\\/en\\\/projects\\\/\"]}]},{\"@type\":\"ImageObject\",\"inLanguage\":\"en-US\",\"@id\":\"https:\\\/\\\/centrescama.org\\\/en\\\/projects\\\/#primaryimage\",\"url\":\"https:\\\/\\\/centrescama.org\\\/wp-content\\\/uploads\\\/2021\\\/09\\\/projets_a-la-une.jpg\",\"contentUrl\":\"https:\\\/\\\/centrescama.org\\\/wp-content\\\/uploads\\\/2021\\\/09\\\/projets_a-la-une.jpg\",\"width\":1200,\"height\":800},{\"@type\":\"BreadcrumbList\",\"@id\":\"https:\\\/\\\/centrescama.org\\\/en\\\/projects\\\/#breadcrumb\",\"itemListElement\":[{\"@type\":\"ListItem\",\"position\":1,\"name\":\"Accueil\",\"item\":\"https:\\\/\\\/centrescama.org\\\/en\\\/home\\\/\"},{\"@type\":\"ListItem\",\"position\":2,\"name\":\"Projects\"}]},{\"@type\":\"WebSite\",\"@id\":\"https:\\\/\\\/centrescama.org\\\/en\\\/#website\",\"url\":\"https:\\\/\\\/centrescama.org\\\/en\\\/\",\"name\":\"Centre Scama\",\"description\":\"Centre de services communautaires d&#039;aide au maintien de l&#039;autonomie\",\"potentialAction\":[{\"@type\":\"SearchAction\",\"target\":{\"@type\":\"EntryPoint\",\"urlTemplate\":\"https:\\\/\\\/centrescama.org\\\/en\\\/?s={search_term_string}\"},\"query-input\":{\"@type\":\"PropertyValueSpecification\",\"valueRequired\":true,\"valueName\":\"search_term_string\"}}],\"inLanguage\":\"en-US\"}]}<\/script>\n<!-- \/ Yoast SEO plugin. -->","yoast_head_json":{"title":"Projects - Centre Scama","description":"Activit\u00e9s festives de rapprochement, afin de c\u00e9l\u00e9brer les \u00e9v\u00e8nements culturels qu\u00e9b\u00e9cois et favoriser le vivre ensemble.","robots":{"index":"index","follow":"follow","max-snippet":"max-snippet:-1","max-image-preview":"max-image-preview:large","max-video-preview":"max-video-preview:-1"},"canonical":"https:\/\/centrescama.org\/en\/projects\/","og_locale":"en_US","og_type":"article","og_title":"Projects - Centre Scama","og_description":"Activit\u00e9s festives de rapprochement, afin de c\u00e9l\u00e9brer les \u00e9v\u00e8nements culturels qu\u00e9b\u00e9cois et favoriser le vivre ensemble.","og_url":"https:\/\/centrescama.org\/en\/projects\/","og_site_name":"Centre Scama","article_modified_time":"2025-06-17T14:24:49+00:00","og_image":[{"width":1200,"height":800,"url":"https:\/\/centrescama.org\/wp-content\/uploads\/2021\/09\/projets_a-la-une.jpg","type":"image\/jpeg"}],"twitter_card":"summary_large_image","twitter_misc":{"Est. reading time":"2 minutes"},"schema":{"@context":"https:\/\/schema.org","@graph":[{"@type":"WebPage","@id":"https:\/\/centrescama.org\/en\/projects\/","url":"https:\/\/centrescama.org\/en\/projects\/","name":"Projects - Centre Scama","isPartOf":{"@id":"https:\/\/centrescama.org\/en\/#website"},"primaryImageOfPage":{"@id":"https:\/\/centrescama.org\/en\/projects\/#primaryimage"},"image":{"@id":"https:\/\/centrescama.org\/en\/projects\/#primaryimage"},"thumbnailUrl":"https:\/\/centrescama.org\/wp-content\/uploads\/2021\/09\/projets_a-la-une.jpg","datePublished":"2021-09-01T18:55:12+00:00","dateModified":"2025-06-17T14:24:49+00:00","description":"Activit\u00e9s festives de rapprochement, afin de c\u00e9l\u00e9brer les \u00e9v\u00e8nements culturels qu\u00e9b\u00e9cois et favoriser le vivre ensemble.","breadcrumb":{"@id":"https:\/\/centrescama.org\/en\/projects\/#breadcrumb"},"inLanguage":"en-US","potentialAction":[{"@type":"ReadAction","target":["https:\/\/centrescama.org\/en\/projects\/"]}]},{"@type":"ImageObject","inLanguage":"en-US","@id":"https:\/\/centrescama.org\/en\/projects\/#primaryimage","url":"https:\/\/centrescama.org\/wp-content\/uploads\/2021\/09\/projets_a-la-une.jpg","contentUrl":"https:\/\/centrescama.org\/wp-content\/uploads\/2021\/09\/projets_a-la-une.jpg","width":1200,"height":800},{"@type":"BreadcrumbList","@id":"https:\/\/centrescama.org\/en\/projects\/#breadcrumb","itemListElement":[{"@type":"ListItem","position":1,"name":"Accueil","item":"https:\/\/centrescama.org\/en\/home\/"},{"@type":"ListItem","position":2,"name":"Projects"}]},{"@type":"WebSite","@id":"https:\/\/centrescama.org\/en\/#website","url":"https:\/\/centrescama.org\/en\/","name":"Centre Scama","description":"Centre de services communautaires d&#039;aide au maintien de l&#039;autonomie","potentialAction":[{"@type":"SearchAction","target":{"@type":"EntryPoint","urlTemplate":"https:\/\/centrescama.org\/en\/?s={search_term_string}"},"query-input":{"@type":"PropertyValueSpecification","valueRequired":true,"valueName":"search_term_string"}}],"inLanguage":"en-US"}]}},"_links":{"self":[{"href":"https:\/\/centrescama.org\/en\/wp-json\/wp\/v2\/pages\/293","targetHints":{"allow":["GET"]}}],"collection":[{"href":"https:\/\/centrescama.org\/en\/wp-json\/wp\/v2\/pages"}],"about":[{"href":"https:\/\/centrescama.org\/en\/wp-json\/wp\/v2\/types\/page"}],"author":[{"embeddable":true,"href":"https:\/\/centrescama.org\/en\/wp-json\/wp\/v2\/users\/1"}],"replies":[{"embeddable":true,"href":"https:\/\/centrescama.org\/en\/wp-json\/wp\/v2\/comments?post=293"}],"version-history":[{"count":13,"href":"https:\/\/centrescama.org\/en\/wp-json\/wp\/v2\/pages\/293\/revisions"}],"predecessor-version":[{"id":796,"href":"https:\/\/centrescama.org\/en\/wp-json\/wp\/v2\/pages\/293\/revisions\/796"}],"wp:featuredmedia":[{"embeddable":true,"href":"https:\/\/centrescama.org\/en\/wp-json\/wp\/v2\/media\/295"}],"wp:attachment":[{"href":"https:\/\/centrescama.org\/en\/wp-json\/wp\/v2\/media?parent=293"}],"curies":[{"name":"wp","href":"https:\/\/api.w.org\/{rel}","templated":true}]}}